{"id":923,"date":"2023-12-04T15:52:34","date_gmt":"2023-12-04T15:52:34","guid":{"rendered":"https:\/\/vowsandviolin.com\/?page_id=923"},"modified":"2024-09-22T14:54:35","modified_gmt":"2024-09-22T14:54:35","slug":"wedding","status":"publish","type":"page","link":"https:\/\/vowsandviolin.com\/pt\/wedding\/","title":{"rendered":"Casamento"},"content":{"rendered":"<div data-elementor-type=\"wp-page\" data-elementor-id=\"923\" class=\"elementor elementor-923\" data-elementor-post-type=\"page\">\n\t\t\t\t\t\t<section class=\"elementor-section elementor-top-section elementor-element elementor-element-e116874 elementor-section-boxed elementor-section-height-default elementor-section-height-default\" data-id=\"e116874\" data-element_type=\"section\" data-e-type=\"section\">\n\t\t\t\t\t\t<div class=\"elementor-container elementor-column-gap-default\">\n\t\t\t\t\t<div class=\"elementor-column elementor-col-100 elementor-top-column elementor-element elementor-element-fb211fd\" data-id=\"fb211fd\" data-element_type=\"column\" data-e-type=\"column\">\n\t\t\t<div class=\"elementor-widget-wrap elementor-element-populated\">\n\t\t\t\t\t\t<div class=\"elementor-element elementor-element-9463d03 elementor-widget elementor-widget-spacer\" data-id=\"9463d03\" data-element_type=\"widget\" data-e-type=\"widget\" data-widget_type=\"spacer.default\">\n\t\t\t\t<div class=\"elementor-widget-container\">\n\t\t\t\t\t\t\t<div class=\"elementor-spacer\">\n\t\t\t<div class=\"elementor-spacer-inner\"><\/div>\n\t\t<\/div>\n\t\t\t\t\t\t<\/div>\n\t\t\t\t<\/div>\n\t\t\t\t<div class=\"elementor-element elementor-element-d2ee72a elementor-widget elementor-widget-heading\" data-id=\"d2ee72a\" data-element_type=\"widget\" data-e-type=\"widget\" data-widget_type=\"heading.default\">\n\t\t\t\t<div class=\"elementor-widget-container\">\n\t\t\t\t\t<h2 class=\"elementor-heading-title elementor-size-default\">Festa de Casamento<\/h2>\t\t\t\t<\/div>\n\t\t\t\t<\/div>\n\t\t\t\t\t<\/div>\n\t\t<\/div>\n\t\t\t\t\t<\/div>\n\t\t<\/section>\n\t\t\t\t<section class=\"elementor-section elementor-top-section elementor-element elementor-element-3389f03 elementor-section-boxed elementor-section-height-default elementor-section-height-default\" data-id=\"3389f03\" data-element_type=\"section\" data-e-type=\"section\">\n\t\t\t\t\t\t<div class=\"elementor-container elementor-column-gap-default\">\n\t\t\t\t\t<div class=\"elementor-column elementor-col-100 elementor-top-column elementor-element elementor-element-9f55742\" data-id=\"9f55742\" data-element_type=\"column\" data-e-type=\"column\">\n\t\t\t<div class=\"elementor-widget-wrap elementor-element-populated\">\n\t\t\t\t\t\t<div class=\"elementor-element elementor-element-402e0d5 elementor-widget__width-initial elementor-widget elementor-widget-text-editor\" data-id=\"402e0d5\" data-element_type=\"widget\" data-e-type=\"widget\" data-widget_type=\"text-editor.default\">\n\t\t\t\t<div class=\"elementor-widget-container\">\n\t\t\t\t\t\t\t\t\t<p>Ol\u00e1, pombinhos!<\/p><p>Preparem-se para um dia repleto de emo\u00e7\u00f5es!<\/p><p><span style=\"letter-spacing: 0px;\">Imagine-se sob os holofotes, com todos os olhares voltados para si. No entanto, o que realmente rouba a cena s\u00e3o as melodias doces e comoventes de um violino, transformando a sua entrada num momento de puro sucesso.<\/span><\/p><p>Desde o \"sim\" at\u00e9 \u00e0 grande festa a m\u00fasica completa todos os ambientes!<\/p><p>O dia do vosso casamento \u00e9 a vossa hist\u00f3ria de amor com m\u00fasica. E acreditem em mim, a m\u00fasica certa faz com que cada momento seja uma cena sa\u00edda diretamente de uma com\u00e9dia rom\u00e2ntica, acrescentando aquele brilho extra ao vosso dia.<\/p><p>Juntos vamos criar uma banda sonora que far\u00e1 com que todos dancem, riam e sintam o amor.<span style=\"letter-spacing: 0px;\">\u00a0<\/span><\/p>\t\t\t\t\t\t\t\t<\/div>\n\t\t\t\t<\/div>\n\t\t\t\t\t<\/div>\n\t\t<\/div>\n\t\t\t\t\t<\/div>\n\t\t<\/section>\n\t\t\t\t<section class=\"elementor-section elementor-top-section elementor-element elementor-element-db2784d elementor-section-boxed elementor-section-height-default elementor-section-height-default\" data-id=\"db2784d\" data-element_type=\"section\" data-e-type=\"section\">\n\t\t\t\t\t\t<div class=\"elementor-container elementor-column-gap-default\">\n\t\t\t\t\t<div class=\"elementor-column elementor-col-100 elementor-top-column elementor-element elementor-element-a7181f7\" data-id=\"a7181f7\" data-element_type=\"column\" data-e-type=\"column\">\n\t\t\t<div class=\"elementor-widget-wrap elementor-element-populated\">\n\t\t\t\t\t\t<div class=\"elementor-element elementor-element-89b6546 elementor-widget elementor-widget-spacer\" data-id=\"89b6546\" data-element_type=\"widget\" data-e-type=\"widget\" data-widget_type=\"spacer.default\">\n\t\t\t\t<div class=\"elementor-widget-container\">\n\t\t\t\t\t\t\t<div class=\"elementor-spacer\">\n\t\t\t<div class=\"elementor-spacer-inner\"><\/div>\n\t\t<\/div>\n\t\t\t\t\t\t<\/div>\n\t\t\t\t<\/div>\n\t\t\t\t<div class=\"elementor-element elementor-element-c25920e elementor-widget elementor-widget-heading\" data-id=\"c25920e\" data-element_type=\"widget\" data-e-type=\"widget\" data-widget_type=\"heading.default\">\n\t\t\t\t<div class=\"elementor-widget-container\">\n\t\t\t\t\t<h4 class=\"elementor-heading-title elementor-size-default\"><a href=\"https:\/\/vowsandviolin.com\/wp-admin\/post.php?post=263&#038;action=elementor\">Quer uma festa \u00e0 sua medida?<\/a><\/h4>\t\t\t\t<\/div>\n\t\t\t\t<\/div>\n\t\t\t\t<div class=\"elementor-element elementor-element-11ed875 elementor-align-center elementor-widget elementor-widget-button\" data-id=\"11ed875\" data-element_type=\"widget\" data-e-type=\"widget\" data-widget_type=\"button.default\">\n\t\t\t\t<div class=\"elementor-widget-container\">\n\t\t\t\t\t\t\t\t\t<div class=\"elementor-button-wrapper\">\n\t\t\t\t\t<a class=\"elementor-button elementor-button-link elementor-size-sm\" href=\"https:\/\/vowsandviolin.com\/pt\/#BOOK_NOW\" target=\"_blank\" book_now=\"\" id=\"#BOOK_NOW\">\n\t\t\t\t\t\t<span class=\"elementor-button-content-wrapper\">\n\t\t\t\t\t\t\t\t\t<span class=\"elementor-button-text\">Fale connosco!<\/span>\n\t\t\t\t\t<\/span>\n\t\t\t\t\t<\/a>\n\t\t\t\t<\/div>\n\t\t\t\t\t\t\t\t<\/div>\n\t\t\t\t<\/div>\n\t\t\t\t<div class=\"elementor-element elementor-element-84c7355 elementor-widget elementor-widget-video\" data-id=\"84c7355\" data-element_type=\"widget\" data-e-type=\"widget\" data-settings=\"{&quot;youtube_url&quot;:&quot;https:\\\/\\\/youtu.be\\\/YXREhlaCf0Q&quot;,&quot;video_type&quot;:&quot;youtube&quot;,&quot;controls&quot;:&quot;yes&quot;}\" data-widget_type=\"video.default\">\n\t\t\t\t<div class=\"elementor-widget-container\">\n\t\t\t\t\t\t\t<div class=\"elementor-wrapper elementor-open-inline\">\n\t\t\t<div class=\"elementor-video\"><\/div>\t\t<\/div>\n\t\t\t\t\t\t<\/div>\n\t\t\t\t<\/div>\n\t\t\t\t<div class=\"elementor-element elementor-element-aab4bc5 elementor-widget elementor-widget-spacer\" data-id=\"aab4bc5\" data-element_type=\"widget\" data-e-type=\"widget\" data-widget_type=\"spacer.default\">\n\t\t\t\t<div class=\"elementor-widget-container\">\n\t\t\t\t\t\t\t<div class=\"elementor-spacer\">\n\t\t\t<div class=\"elementor-spacer-inner\"><\/div>\n\t\t<\/div>\n\t\t\t\t\t\t<\/div>\n\t\t\t\t<\/div>\n\t\t\t\t<div class=\"elementor-element elementor-element-f135c2f elementor-shape-square elementor-grid-0 e-grid-align-center elementor-widget elementor-widget-social-icons\" data-id=\"f135c2f\" data-element_type=\"widget\" data-e-type=\"widget\" data-widget_type=\"social-icons.default\">\n\t\t\t\t<div class=\"elementor-widget-container\">\n\t\t\t\t\t\t\t<div class=\"elementor-social-icons-wrapper elementor-grid\" role=\"list\">\n\t\t\t\t\t\t\t<span class=\"elementor-grid-item\" role=\"listitem\">\n\t\t\t\t\t<a class=\"elementor-icon elementor-social-icon elementor-social-icon-instagram elementor-repeater-item-bfdb199\" href=\"https:\/\/www.instagram.com\/vowsandviolin\/\" target=\"_blank\">\n\t\t\t\t\t\t<span class=\"elementor-screen-only\">Instagram<\/span>\n\t\t\t\t\t\t<i aria-hidden=\"true\" class=\"fab fa-instagram\"><\/i>\t\t\t\t\t<\/a>\n\t\t\t\t<\/span>\n\t\t\t\t\t\t\t<span class=\"elementor-grid-item\" role=\"listitem\">\n\t\t\t\t\t<a class=\"elementor-icon elementor-social-icon elementor-social-icon-heart elementor-repeater-item-aabbb10\" href=\"https:\/\/www.casamentos.pt\/musica-casamento\/pedro-gomes-violino-vows-&#038;-violin--e158291\" target=\"_blank\">\n\t\t\t\t\t\t<span class=\"elementor-screen-only\">Heart<\/span>\n\t\t\t\t\t\t<i aria-hidden=\"true\" class=\"far fa-heart\"><\/i>\t\t\t\t\t<\/a>\n\t\t\t\t<\/span>\n\t\t\t\t\t\t\t<span class=\"elementor-grid-item\" role=\"listitem\">\n\t\t\t\t\t<a class=\"elementor-icon elementor-social-icon elementor-social-icon-whatsapp elementor-repeater-item-ec715f9\" href=\"https:\/\/api.whatsapp.com\/send?phone=914650019\" target=\"_blank\">\n\t\t\t\t\t\t<span class=\"elementor-screen-only\">Whatsapp<\/span>\n\t\t\t\t\t\t<i aria-hidden=\"true\" class=\"fab fa-whatsapp\"><\/i>\t\t\t\t\t<\/a>\n\t\t\t\t<\/span>\n\t\t\t\t\t\t\t<span class=\"elementor-grid-item\" role=\"listitem\">\n\t\t\t\t\t<a class=\"elementor-icon elementor-social-icon elementor-social-icon-cloud elementor-repeater-item-566beb7\" href=\"https:\/\/www.gigheaven.com\/members\/pedrogomesviolin.html\" target=\"_blank\">\n\t\t\t\t\t\t<span class=\"elementor-screen-only\">Cloud<\/span>\n\t\t\t\t\t\t<i aria-hidden=\"true\" class=\"fas fa-cloud\"><\/i>\t\t\t\t\t<\/a>\n\t\t\t\t<\/span>\n\t\t\t\t\t\t\t<span class=\"elementor-grid-item\" role=\"listitem\">\n\t\t\t\t\t<a class=\"elementor-icon elementor-social-icon elementor-social-icon-envelope elementor-repeater-item-9b155fc\" href=\"mailto:info@vowsandviolin.com\" target=\"_blank\">\n\t\t\t\t\t\t<span class=\"elementor-screen-only\">Envelope<\/span>\n\t\t\t\t\t\t<i aria-hidden=\"true\" class=\"fas fa-envelope\"><\/i>\t\t\t\t\t<\/a>\n\t\t\t\t<\/span>\n\t\t\t\t\t<\/div>\n\t\t\t\t\t\t<\/div>\n\t\t\t\t<\/div>\n\t\t\t\t\t<\/div>\n\t\t<\/div>\n\t\t\t\t\t<\/div>\n\t\t<\/section>\n\t\t\t\t<section class=\"elementor-section elementor-top-section elementor-element elementor-element-89abf22 elementor-section-boxed elementor-section-height-default elementor-section-height-default\" data-id=\"89abf22\" data-element_type=\"section\" data-e-type=\"section\">\n\t\t\t\t\t\t<div class=\"elementor-container elementor-column-gap-default\">\n\t\t\t\t\t<div class=\"elementor-column elementor-col-100 elementor-top-column elementor-element elementor-element-84276fb\" data-id=\"84276fb\" data-element_type=\"column\" data-e-type=\"column\">\n\t\t\t<div class=\"elementor-widget-wrap elementor-element-populated\">\n\t\t\t\t\t\t<div class=\"elementor-element elementor-element-dd8d823 elementor-widget elementor-widget-spacer\" data-id=\"dd8d823\" data-element_type=\"widget\" data-e-type=\"widget\" data-widget_type=\"spacer.default\">\n\t\t\t\t<div class=\"elementor-widget-container\">\n\t\t\t\t\t\t\t<div class=\"elementor-spacer\">\n\t\t\t<div class=\"elementor-spacer-inner\"><\/div>\n\t\t<\/div>\n\t\t\t\t\t\t<\/div>\n\t\t\t\t<\/div>\n\t\t\t\t\t<\/div>\n\t\t<\/div>\n\t\t\t\t\t<\/div>\n\t\t<\/section>\n\t\t\t\t<section class=\"elementor-section elementor-top-section elementor-element elementor-element-2447947 elementor-section-boxed elementor-section-height-default elementor-section-height-default\" data-id=\"2447947\" data-element_type=\"section\" data-e-type=\"section\">\n\t\t\t\t\t\t<div class=\"elementor-container elementor-column-gap-default\">\n\t\t\t\t\t<div class=\"elementor-column elementor-col-100 elementor-top-column elementor-element elementor-element-4c3dcc0\" data-id=\"4c3dcc0\" data-element_type=\"column\" data-e-type=\"column\">\n\t\t\t<div class=\"elementor-widget-wrap elementor-element-populated\">\n\t\t\t\t\t\t<div class=\"elementor-element elementor-element-d41f1be elementor-widget elementor-widget-image\" data-id=\"d41f1be\" data-element_type=\"widget\" data-e-type=\"widget\" data-widget_type=\"image.default\">\n\t\t\t\t<div class=\"elementor-widget-container\">\n\t\t\t\t\t\t\t\t\t\t\t\t\t\t\t<img fetchpriority=\"high\" decoding=\"async\" width=\"300\" height=\"300\" src=\"https:\/\/vowsandviolin.com\/wp-content\/uploads\/2023\/10\/dourado-1-300x300.png\" class=\"attachment-medium size-medium wp-image-213\" alt=\"\" srcset=\"https:\/\/vowsandviolin.com\/wp-content\/uploads\/2023\/10\/dourado-1-300x300.png 300w, https:\/\/vowsandviolin.com\/wp-content\/uploads\/2023\/10\/dourado-1-150x150.png 150w, https:\/\/vowsandviolin.com\/wp-content\/uploads\/2023\/10\/dourado-1-12x12.png 12w, https:\/\/vowsandviolin.com\/wp-content\/uploads\/2023\/10\/dourado-1.png 500w\" sizes=\"100vw\" \/>\t\t\t\t\t\t\t\t\t\t\t\t\t\t\t<\/div>\n\t\t\t\t<\/div>\n\t\t\t\t\t<\/div>\n\t\t<\/div>\n\t\t\t\t\t<\/div>\n\t\t<\/section>\n\t\t\t\t<\/div>","protected":false},"excerpt":{"rendered":"<p>Wedding Party Hey there, lovebirds! Get ready to rock your wedding day with melodies that\u2019ll make your hearts sing louder than ever! Imagine this: the spotlight\u2019s all yours as you strut in, but what\u2019s stealing the show? It\u2019s the sweet, soulful tunes of a violin, turning your entrance into a blockbuster moment. From the \u201cI &hellip; <\/p>\n<p class=\"link-more\"><a href=\"https:\/\/vowsandviolin.com\/pt\/wedding\/\" class=\"more-link\">Read more<span class=\"screen-reader-text\"> &#8220;Wedding&#8221;<\/span><\/a><\/p>","protected":false},"author":1,"featured_media":0,"parent":0,"menu_order":0,"comment_status":"closed","ping_status":"closed","template":"elementor_header_footer","meta":{"footnotes":""},"class_list":["post-923","page","type-page","status-publish","hentry"],"_links":{"self":[{"href":"https:\/\/vowsandviolin.com\/pt\/wp-json\/wp\/v2\/pages\/923","targetHints":{"allow":["GET"]}}],"collection":[{"href":"https:\/\/vowsandviolin.com\/pt\/wp-json\/wp\/v2\/pages"}],"about":[{"href":"https:\/\/vowsandviolin.com\/pt\/wp-json\/wp\/v2\/types\/page"}],"author":[{"embeddable":true,"href":"https:\/\/vowsandviolin.com\/pt\/wp-json\/wp\/v2\/users\/1"}],"replies":[{"embeddable":true,"href":"https:\/\/vowsandviolin.com\/pt\/wp-json\/wp\/v2\/comments?post=923"}],"version-history":[{"count":121,"href":"https:\/\/vowsandviolin.com\/pt\/wp-json\/wp\/v2\/pages\/923\/revisions"}],"predecessor-version":[{"id":1695,"href":"https:\/\/vowsandviolin.com\/pt\/wp-json\/wp\/v2\/pages\/923\/revisions\/1695"}],"wp:attachment":[{"href":"https:\/\/vowsandviolin.com\/pt\/wp-json\/wp\/v2\/media?parent=923"}],"curies":[{"name":"wp","href":"https:\/\/api.w.org\/{rel}","templated":true}]}}