{"id":925,"date":"2023-12-04T15:52:54","date_gmt":"2023-12-04T15:52:54","guid":{"rendered":"https:\/\/vowsandviolin.com\/?page_id=925"},"modified":"2024-09-22T11:53:48","modified_gmt":"2024-09-22T11:53:48","slug":"corporative-events","status":"publish","type":"page","link":"https:\/\/vowsandviolin.com\/pt\/portefolio\/corporative-events\/","title":{"rendered":"corporative events"},"content":{"rendered":"<div data-elementor-type=\"wp-page\" data-elementor-id=\"925\" class=\"elementor elementor-925\" data-elementor-post-type=\"page\">\n\t\t\t\t\t\t<section class=\"elementor-section elementor-top-section elementor-element elementor-element-9624ca3 elementor-section-boxed elementor-section-height-default elementor-section-height-default\" data-id=\"9624ca3\" data-element_type=\"section\" data-e-type=\"section\">\n\t\t\t\t\t\t<div class=\"elementor-container elementor-column-gap-default\">\n\t\t\t\t\t<div class=\"elementor-column elementor-col-100 elementor-top-column elementor-element elementor-element-0affb27\" data-id=\"0affb27\" data-element_type=\"column\" data-e-type=\"column\">\n\t\t\t<div class=\"elementor-widget-wrap elementor-element-populated\">\n\t\t\t\t\t\t<div class=\"elementor-element elementor-element-1e7a81e elementor-widget elementor-widget-spacer\" data-id=\"1e7a81e\" data-element_type=\"widget\" data-e-type=\"widget\" data-widget_type=\"spacer.default\">\n\t\t\t\t<div class=\"elementor-widget-container\">\n\t\t\t\t\t\t\t<div class=\"elementor-spacer\">\n\t\t\t<div class=\"elementor-spacer-inner\"><\/div>\n\t\t<\/div>\n\t\t\t\t\t\t<\/div>\n\t\t\t\t<\/div>\n\t\t\t\t<div class=\"elementor-element elementor-element-8ae5ab3 elementor-widget elementor-widget-heading\" data-id=\"8ae5ab3\" data-element_type=\"widget\" data-e-type=\"widget\" data-widget_type=\"heading.default\">\n\t\t\t\t<div class=\"elementor-widget-container\">\n\t\t\t\t\t<h2 class=\"elementor-heading-title elementor-size-default\">Eventos Corporativos<\/h2>\t\t\t\t<\/div>\n\t\t\t\t<\/div>\n\t\t\t\t\t<\/div>\n\t\t<\/div>\n\t\t\t\t\t<\/div>\n\t\t<\/section>\n\t\t\t\t<section class=\"elementor-section elementor-top-section elementor-element elementor-element-8f40137 elementor-section-boxed elementor-section-height-default elementor-section-height-default\" data-id=\"8f40137\" data-element_type=\"section\" data-e-type=\"section\">\n\t\t\t\t\t\t<div class=\"elementor-container elementor-column-gap-default\">\n\t\t\t\t\t<div class=\"elementor-column elementor-col-100 elementor-top-column elementor-element elementor-element-431b28c\" data-id=\"431b28c\" data-element_type=\"column\" data-e-type=\"column\">\n\t\t\t<div class=\"elementor-widget-wrap elementor-element-populated\">\n\t\t\t\t\t\t<div class=\"elementor-element elementor-element-44b88f4 elementor-widget__width-initial elementor-widget elementor-widget-text-editor\" data-id=\"44b88f4\" data-element_type=\"widget\" data-e-type=\"widget\" data-widget_type=\"text-editor.default\">\n\t\t\t\t<div class=\"elementor-widget-container\">\n\t\t\t\t\t\t\t\t\t<p>Quer transformar a sua festa de empresa num evento inesquec\u00edvel?<\/p><p>Imagine isto: a resson\u00e2ncia da atua\u00e7\u00e3o de um violinista ou a harmonia requintada de um quarteto de cordas pronto a infundir sofistica\u00e7\u00e3o e fasc\u00ednio no seu evento.<\/p><p>Vamos criar um evento que ressoe com requinte e eleg\u00e2ncia. Juntos, podemos criar uma experi\u00eancia que espelhe a sua identidade empresarial, utilizando a arte da m\u00fasica para melhorar o ambiente e tornar o seu evento num sucesso not\u00e1vel.<\/p><p>Eleve o seu evento empresarial com a performance refinada. Abrace a sofistica\u00e7\u00e3o que a musicalidade personalizada proporciona, elevando o seu evento a um n\u00edvel distinto de eleg\u00e2ncia e fasc\u00ednio.<\/p>\t\t\t\t\t\t\t\t<\/div>\n\t\t\t\t<\/div>\n\t\t\t\t\t<\/div>\n\t\t<\/div>\n\t\t\t\t\t<\/div>\n\t\t<\/section>\n\t\t\t\t<section class=\"elementor-section elementor-top-section elementor-element elementor-element-9b2dd3d elementor-section-boxed elementor-section-height-default elementor-section-height-default\" data-id=\"9b2dd3d\" data-element_type=\"section\" data-e-type=\"section\">\n\t\t\t\t\t\t<div class=\"elementor-container elementor-column-gap-default\">\n\t\t\t\t\t<div class=\"elementor-column elementor-col-100 elementor-top-column elementor-element elementor-element-07f58c8\" data-id=\"07f58c8\" data-element_type=\"column\" data-e-type=\"column\">\n\t\t\t<div class=\"elementor-widget-wrap\">\n\t\t\t\t\t\t\t<\/div>\n\t\t<\/div>\n\t\t\t\t\t<\/div>\n\t\t<\/section>\n\t\t\t\t<section class=\"elementor-section elementor-top-section elementor-element elementor-element-85dede1 elementor-section-boxed elementor-section-height-default elementor-section-height-default\" data-id=\"85dede1\" data-element_type=\"section\" data-e-type=\"section\">\n\t\t\t\t\t\t<div class=\"elementor-container elementor-column-gap-default\">\n\t\t\t\t\t<div class=\"elementor-column elementor-col-100 elementor-top-column elementor-element elementor-element-6973587\" data-id=\"6973587\" data-element_type=\"column\" data-e-type=\"column\">\n\t\t\t<div class=\"elementor-widget-wrap elementor-element-populated\">\n\t\t\t\t\t\t<div class=\"elementor-element elementor-element-0a66b72 elementor-widget elementor-widget-heading\" data-id=\"0a66b72\" data-element_type=\"widget\" data-e-type=\"widget\" data-widget_type=\"heading.default\">\n\t\t\t\t<div class=\"elementor-widget-container\">\n\t\t\t\t\t<h4 class=\"elementor-heading-title elementor-size-default\"><a href=\"https:\/\/vowsandviolin.com\/wp-admin\/post.php?post=263&#038;action=elementor\">Procura uma festa \u00e0 medida da sua empresa?<\/a><\/h4>\t\t\t\t<\/div>\n\t\t\t\t<\/div>\n\t\t\t\t<div class=\"elementor-element elementor-element-b2d5f0a elementor-align-center elementor-widget elementor-widget-button\" data-id=\"b2d5f0a\" data-element_type=\"widget\" data-e-type=\"widget\" data-widget_type=\"button.default\">\n\t\t\t\t<div class=\"elementor-widget-container\">\n\t\t\t\t\t\t\t\t\t<div class=\"elementor-button-wrapper\">\n\t\t\t\t\t<a class=\"elementor-button elementor-button-link elementor-size-sm\" href=\"https:\/\/vowsandviolin.com\/pt\/#BOOK_NOW\" target=\"_blank\" book_now=\"\" id=\"#BOOK_NOW\">\n\t\t\t\t\t\t<span class=\"elementor-button-content-wrapper\">\n\t\t\t\t\t\t\t\t\t<span class=\"elementor-button-text\">Fale connosco!<\/span>\n\t\t\t\t\t<\/span>\n\t\t\t\t\t<\/a>\n\t\t\t\t<\/div>\n\t\t\t\t\t\t\t\t<\/div>\n\t\t\t\t<\/div>\n\t\t\t\t<div class=\"elementor-element elementor-element-edfa002 elementor-widget elementor-widget-spacer\" data-id=\"edfa002\" data-element_type=\"widget\" data-e-type=\"widget\" data-widget_type=\"spacer.default\">\n\t\t\t\t<div class=\"elementor-widget-container\">\n\t\t\t\t\t\t\t<div class=\"elementor-spacer\">\n\t\t\t<div class=\"elementor-spacer-inner\"><\/div>\n\t\t<\/div>\n\t\t\t\t\t\t<\/div>\n\t\t\t\t<\/div>\n\t\t\t\t<div class=\"elementor-element elementor-element-60e383e elementor-shape-square elementor-grid-0 e-grid-align-center elementor-widget elementor-widget-social-icons\" data-id=\"60e383e\" data-element_type=\"widget\" data-e-type=\"widget\" data-widget_type=\"social-icons.default\">\n\t\t\t\t<div class=\"elementor-widget-container\">\n\t\t\t\t\t\t\t<div class=\"elementor-social-icons-wrapper elementor-grid\" role=\"list\">\n\t\t\t\t\t\t\t<span class=\"elementor-grid-item\" role=\"listitem\">\n\t\t\t\t\t<a class=\"elementor-icon elementor-social-icon elementor-social-icon-instagram elementor-repeater-item-bfdb199\" href=\"https:\/\/www.instagram.com\/vowsandviolin\/\" target=\"_blank\">\n\t\t\t\t\t\t<span class=\"elementor-screen-only\">Instagram<\/span>\n\t\t\t\t\t\t<i aria-hidden=\"true\" class=\"fab fa-instagram\"><\/i>\t\t\t\t\t<\/a>\n\t\t\t\t<\/span>\n\t\t\t\t\t\t\t<span class=\"elementor-grid-item\" role=\"listitem\">\n\t\t\t\t\t<a class=\"elementor-icon elementor-social-icon elementor-social-icon-heart elementor-repeater-item-aabbb10\" href=\"https:\/\/www.casamentos.pt\/musica-casamento\/pedro-gomes-violino-vows-&#038;-violin--e158291\" target=\"_blank\">\n\t\t\t\t\t\t<span class=\"elementor-screen-only\">Heart<\/span>\n\t\t\t\t\t\t<i aria-hidden=\"true\" class=\"far fa-heart\"><\/i>\t\t\t\t\t<\/a>\n\t\t\t\t<\/span>\n\t\t\t\t\t\t\t<span class=\"elementor-grid-item\" role=\"listitem\">\n\t\t\t\t\t<a class=\"elementor-icon elementor-social-icon elementor-social-icon-whatsapp elementor-repeater-item-ec715f9\" href=\"https:\/\/api.whatsapp.com\/send?phone=914650019\" target=\"_blank\">\n\t\t\t\t\t\t<span class=\"elementor-screen-only\">Whatsapp<\/span>\n\t\t\t\t\t\t<i aria-hidden=\"true\" class=\"fab fa-whatsapp\"><\/i>\t\t\t\t\t<\/a>\n\t\t\t\t<\/span>\n\t\t\t\t\t\t\t<span class=\"elementor-grid-item\" role=\"listitem\">\n\t\t\t\t\t<a class=\"elementor-icon elementor-social-icon elementor-social-icon-cloud elementor-repeater-item-566beb7\" href=\"https:\/\/www.gigheaven.com\/members\/pedrogomesviolin.html\" target=\"_blank\">\n\t\t\t\t\t\t<span class=\"elementor-screen-only\">Cloud<\/span>\n\t\t\t\t\t\t<i aria-hidden=\"true\" class=\"fas fa-cloud\"><\/i>\t\t\t\t\t<\/a>\n\t\t\t\t<\/span>\n\t\t\t\t\t\t\t<span class=\"elementor-grid-item\" role=\"listitem\">\n\t\t\t\t\t<a class=\"elementor-icon elementor-social-icon elementor-social-icon-envelope elementor-repeater-item-9b155fc\" href=\"mailto:info@vowsandviolin.com\" target=\"_blank\">\n\t\t\t\t\t\t<span class=\"elementor-screen-only\">Envelope<\/span>\n\t\t\t\t\t\t<i aria-hidden=\"true\" class=\"fas fa-envelope\"><\/i>\t\t\t\t\t<\/a>\n\t\t\t\t<\/span>\n\t\t\t\t\t<\/div>\n\t\t\t\t\t\t<\/div>\n\t\t\t\t<\/div>\n\t\t\t\t<div class=\"elementor-element elementor-element-21d40ae elementor-widget elementor-widget-spacer\" data-id=\"21d40ae\" data-element_type=\"widget\" data-e-type=\"widget\" data-widget_type=\"spacer.default\">\n\t\t\t\t<div class=\"elementor-widget-container\">\n\t\t\t\t\t\t\t<div class=\"elementor-spacer\">\n\t\t\t<div class=\"elementor-spacer-inner\"><\/div>\n\t\t<\/div>\n\t\t\t\t\t\t<\/div>\n\t\t\t\t<\/div>\n\t\t\t\t<div class=\"elementor-element elementor-element-2ada934 elementor-shape-rounded elementor-grid-0 e-grid-align-center elementor-widget elementor-widget-social-icons\" data-id=\"2ada934\" data-element_type=\"widget\" data-e-type=\"widget\" data-widget_type=\"social-icons.default\">\n\t\t\t\t<div class=\"elementor-widget-container\">\n\t\t\t\t\t\t\t<div class=\"elementor-social-icons-wrapper elementor-grid\">\n\t\t\t\t\t\t\t<span class=\"elementor-grid-item\">\n\t\t\t\t\t<a class=\"elementor-icon elementor-social-icon elementor-social-icon-envelope elementor-repeater-item-99765ba\" href=\"mailto:info@vowsandviolin.com\" target=\"_blank\">\n\t\t\t\t\t\t<span class=\"elementor-screen-only\">Envelope<\/span>\n\t\t\t\t\t\t<i aria-hidden=\"true\" class=\"fas fa-envelope\"><\/i>\t\t\t\t\t<\/a>\n\t\t\t\t<\/span>\n\t\t\t\t\t<\/div>\n\t\t\t\t\t\t<\/div>\n\t\t\t\t<\/div>\n\t\t\t\t<div class=\"elementor-element elementor-element-84a50ed elementor-widget elementor-widget-image\" data-id=\"84a50ed\" data-element_type=\"widget\" data-e-type=\"widget\" data-widget_type=\"image.default\">\n\t\t\t\t<div class=\"elementor-widget-container\">\n\t\t\t\t\t\t\t\t\t\t\t\t\t\t\t<img fetchpriority=\"high\" decoding=\"async\" width=\"300\" height=\"300\" src=\"https:\/\/vowsandviolin.com\/wp-content\/uploads\/2023\/10\/dourado-1-300x300.png\" class=\"attachment-medium size-medium wp-image-213\" alt=\"\" srcset=\"https:\/\/vowsandviolin.com\/wp-content\/uploads\/2023\/10\/dourado-1-300x300.png 300w, https:\/\/vowsandviolin.com\/wp-content\/uploads\/2023\/10\/dourado-1-150x150.png 150w, https:\/\/vowsandviolin.com\/wp-content\/uploads\/2023\/10\/dourado-1-12x12.png 12w, https:\/\/vowsandviolin.com\/wp-content\/uploads\/2023\/10\/dourado-1.png 500w\" sizes=\"100vw\" \/>\t\t\t\t\t\t\t\t\t\t\t\t\t\t\t<\/div>\n\t\t\t\t<\/div>\n\t\t\t\t\t<\/div>\n\t\t<\/div>\n\t\t\t\t\t<\/div>\n\t\t<\/section>\n\t\t\t\t<\/div>","protected":false},"excerpt":{"rendered":"<p>Corporative Events Seeking to transform your corporate party into an unforgettable event? Picture this: the resonance of a master violinist\u2019s performance or the exquisite harmony of a skilled string quartet, poised to infuse sophistication and allure into your upcoming gathering. Let\u2019s curate an event that resonates with finesse and refinement. Together, we can craft an &hellip; <\/p>\n<p class=\"link-more\"><a href=\"https:\/\/vowsandviolin.com\/pt\/portefolio\/corporative-events\/\" class=\"more-link\">Read more<span class=\"screen-reader-text\"> &#8220;corporative events&#8221;<\/span><\/a><\/p>","protected":false},"author":1,"featured_media":0,"parent":737,"menu_order":0,"comment_status":"closed","ping_status":"closed","template":"elementor_header_footer","meta":{"footnotes":""},"class_list":["post-925","page","type-page","status-publish","hentry"],"_links":{"self":[{"href":"https:\/\/vowsandviolin.com\/pt\/wp-json\/wp\/v2\/pages\/925","targetHints":{"allow":["GET"]}}],"collection":[{"href":"https:\/\/vowsandviolin.com\/pt\/wp-json\/wp\/v2\/pages"}],"about":[{"href":"https:\/\/vowsandviolin.com\/pt\/wp-json\/wp\/v2\/types\/page"}],"author":[{"embeddable":true,"href":"https:\/\/vowsandviolin.com\/pt\/wp-json\/wp\/v2\/users\/1"}],"replies":[{"embeddable":true,"href":"https:\/\/vowsandviolin.com\/pt\/wp-json\/wp\/v2\/comments?post=925"}],"version-history":[{"count":43,"href":"https:\/\/vowsandviolin.com\/pt\/wp-json\/wp\/v2\/pages\/925\/revisions"}],"predecessor-version":[{"id":1594,"href":"https:\/\/vowsandviolin.com\/pt\/wp-json\/wp\/v2\/pages\/925\/revisions\/1594"}],"up":[{"embeddable":true,"href":"https:\/\/vowsandviolin.com\/pt\/wp-json\/wp\/v2\/pages\/737"}],"wp:attachment":[{"href":"https:\/\/vowsandviolin.com\/pt\/wp-json\/wp\/v2\/media?parent=925"}],"curies":[{"name":"wp","href":"https:\/\/api.w.org\/{rel}","templated":true}]}}